{"id":9743,"date":"2025-02-14T12:57:43","date_gmt":"2025-02-14T17:57:43","guid":{"rendered":"https:\/\/www.atlasvanlines.ca\/?page_id=9743"},"modified":"2025-03-25T14:02:00","modified_gmt":"2025-03-25T19:02:00","slug":"long-distance-moving-containers-in-canada-2","status":"publish","type":"page","link":"https:\/\/atlas.beemarcom.com\/fr\/long-distance-moving-containers-in-canada-2\/","title":{"rendered":"Conteneurs d&#039;exp\u00e9dition longue distance pour les d\u00e9m\u00e9nagements interurbains"},"content":{"rendered":"","protected":false},"excerpt":{"rendered":"","protected":false},"author":8,"featured_media":0,"parent":0,"menu_order":0,"comment_status":"closed","ping_status":"closed","template":"page-with-title-and-moving.php","meta":{"_acf_changed":false,"inline_featured_image":false,"footnotes":""},"class_list":["post-9743","page","type-page","status-publish","hentry"],"acf":[],"_links":{"self":[{"href":"https:\/\/atlas.beemarcom.com\/fr\/wp-json\/wp\/v2\/pages\/9743","targetHints":{"allow":["GET"]}}],"collection":[{"href":"https:\/\/atlas.beemarcom.com\/fr\/wp-json\/wp\/v2\/pages"}],"about":[{"href":"https:\/\/atlas.beemarcom.com\/fr\/wp-json\/wp\/v2\/types\/page"}],"author":[{"embeddable":true,"href":"https:\/\/atlas.beemarcom.com\/fr\/wp-json\/wp\/v2\/users\/8"}],"replies":[{"embeddable":true,"href":"https:\/\/atlas.beemarcom.com\/fr\/wp-json\/wp\/v2\/comments?post=9743"}],"version-history":[{"count":13,"href":"https:\/\/atlas.beemarcom.com\/fr\/wp-json\/wp\/v2\/pages\/9743\/revisions"}],"predecessor-version":[{"id":9977,"href":"https:\/\/atlas.beemarcom.com\/fr\/wp-json\/wp\/v2\/pages\/9743\/revisions\/9977"}],"wp:attachment":[{"href":"https:\/\/atlas.beemarcom.com\/fr\/wp-json\/wp\/v2\/media?parent=9743"}],"curies":[{"name":"wp","href":"https:\/\/api.w.org\/{rel}","templated":true}]}}