{"id":865,"date":"2020-10-02T20:08:13","date_gmt":"2020-10-02T20:08:13","guid":{"rendered":"http:\/\/localhost:8888\/atlas\/?page_id=865"},"modified":"2025-05-26T08:26:23","modified_gmt":"2025-05-26T13:26:23","slug":"moving-households","status":"publish","type":"page","link":"https:\/\/atlas.beemarcom.com\/fr\/moving-households\/","title":{"rendered":"D\u00e9m\u00e9nagement des m\u00e9nages"},"content":{"rendered":"","protected":false},"excerpt":{"rendered":"","protected":false},"author":8,"featured_media":0,"parent":0,"menu_order":0,"comment_status":"closed","ping_status":"closed","template":"","meta":{"_acf_changed":false,"inline_featured_image":false,"footnotes":""},"class_list":["post-865","page","type-page","status-publish","hentry"],"acf":[],"_links":{"self":[{"href":"https:\/\/atlas.beemarcom.com\/fr\/wp-json\/wp\/v2\/pages\/865","targetHints":{"allow":["GET"]}}],"collection":[{"href":"https:\/\/atlas.beemarcom.com\/fr\/wp-json\/wp\/v2\/pages"}],"about":[{"href":"https:\/\/atlas.beemarcom.com\/fr\/wp-json\/wp\/v2\/types\/page"}],"author":[{"embeddable":true,"href":"https:\/\/atlas.beemarcom.com\/fr\/wp-json\/wp\/v2\/users\/8"}],"replies":[{"embeddable":true,"href":"https:\/\/atlas.beemarcom.com\/fr\/wp-json\/wp\/v2\/comments?post=865"}],"version-history":[{"count":52,"href":"https:\/\/atlas.beemarcom.com\/fr\/wp-json\/wp\/v2\/pages\/865\/revisions"}],"predecessor-version":[{"id":10318,"href":"https:\/\/atlas.beemarcom.com\/fr\/wp-json\/wp\/v2\/pages\/865\/revisions\/10318"}],"wp:attachment":[{"href":"https:\/\/atlas.beemarcom.com\/fr\/wp-json\/wp\/v2\/media?parent=865"}],"curies":[{"name":"wp","href":"https:\/\/api.w.org\/{rel}","templated":true}]}}