{"id":2437,"date":"2021-01-22T17:49:16","date_gmt":"2021-01-22T17:49:16","guid":{"rendered":"http:\/\/www.atlasvanlines.ca\/?page_id=2437"},"modified":"2025-05-26T08:41:20","modified_gmt":"2025-05-26T13:41:20","slug":"us-to-ca-moving","status":"publish","type":"page","link":"https:\/\/atlas.beemarcom.com\/fr\/moving-services\/us-to-ca-moving\/","title":{"rendered":"D\u00e9m\u00e9nagement des \u00c9tats-Unis au Canada"},"content":{"rendered":"","protected":false},"excerpt":{"rendered":"","protected":false},"author":8,"featured_media":0,"parent":2426,"menu_order":0,"comment_status":"closed","ping_status":"closed","template":"","meta":{"_acf_changed":false,"inline_featured_image":false,"footnotes":""},"class_list":["post-2437","page","type-page","status-publish","hentry"],"acf":[],"_links":{"self":[{"href":"https:\/\/atlas.beemarcom.com\/fr\/wp-json\/wp\/v2\/pages\/2437","targetHints":{"allow":["GET"]}}],"collection":[{"href":"https:\/\/atlas.beemarcom.com\/fr\/wp-json\/wp\/v2\/pages"}],"about":[{"href":"https:\/\/atlas.beemarcom.com\/fr\/wp-json\/wp\/v2\/types\/page"}],"author":[{"embeddable":true,"href":"https:\/\/atlas.beemarcom.com\/fr\/wp-json\/wp\/v2\/users\/8"}],"replies":[{"embeddable":true,"href":"https:\/\/atlas.beemarcom.com\/fr\/wp-json\/wp\/v2\/comments?post=2437"}],"version-history":[{"count":5,"href":"https:\/\/atlas.beemarcom.com\/fr\/wp-json\/wp\/v2\/pages\/2437\/revisions"}],"predecessor-version":[{"id":10326,"href":"https:\/\/atlas.beemarcom.com\/fr\/wp-json\/wp\/v2\/pages\/2437\/revisions\/10326"}],"up":[{"embeddable":true,"href":"https:\/\/atlas.beemarcom.com\/fr\/wp-json\/wp\/v2\/pages\/2426"}],"wp:attachment":[{"href":"https:\/\/atlas.beemarcom.com\/fr\/wp-json\/wp\/v2\/media?parent=2437"}],"curies":[{"name":"wp","href":"https:\/\/api.w.org\/{rel}","templated":true}]}}