{"id":1565,"date":"2020-10-28T19:52:23","date_gmt":"2020-10-28T19:52:23","guid":{"rendered":"http:\/\/www.atlasvanlines.ca\/?page_id=1565"},"modified":"2026-01-06T11:46:20","modified_gmt":"2026-01-06T16:46:20","slug":"moving-estimate","status":"publish","type":"page","link":"https:\/\/atlas.beemarcom.com\/fr\/moving-estimate\/","title":{"rendered":"Devis de d\u00e9m\u00e9nagement"},"content":{"rendered":"<p>Vous pr\u00e9voyez un d\u00e9m\u00e9nagement longue distance\u00a0? Obtenez une soumission personnalis\u00e9e en ligne avec Atlas Van Lines Canada. Que vous d\u00e9m\u00e9nagiez dans votre province, \u00e0 l&#039;autre bout du pays, de l&#039;autre c\u00f4t\u00e9 de la fronti\u00e8re ou m\u00eame plus loin, nous vous facilitons la t\u00e2che pour obtenir une estimation claire et pr\u00e9cise, adapt\u00e9e \u00e0 votre d\u00e9m\u00e9nagement.<\/p>","protected":false},"excerpt":{"rendered":"<p>Vous pr\u00e9voyez un d\u00e9m\u00e9nagement longue distance\u00a0? Obtenez une soumission personnalis\u00e9e en ligne avec Atlas Van Lines Canada. Que vous d\u00e9m\u00e9nagiez dans votre province, \u00e0 l&#039;autre bout du pays, de l&#039;autre c\u00f4t\u00e9 de la fronti\u00e8re ou m\u00eame plus loin, nous vous facilitons la t\u00e2che pour obtenir une estimation claire et pr\u00e9cise, adapt\u00e9e \u00e0 votre d\u00e9m\u00e9nagement.<\/p>","protected":false},"author":8,"featured_media":0,"parent":0,"menu_order":0,"comment_status":"closed","ping_status":"closed","template":"page-moving-estimate.php","meta":{"_acf_changed":false,"inline_featured_image":false,"footnotes":""},"class_list":["post-1565","page","type-page","status-publish","hentry"],"acf":[],"_links":{"self":[{"href":"https:\/\/atlas.beemarcom.com\/fr\/wp-json\/wp\/v2\/pages\/1565","targetHints":{"allow":["GET"]}}],"collection":[{"href":"https:\/\/atlas.beemarcom.com\/fr\/wp-json\/wp\/v2\/pages"}],"about":[{"href":"https:\/\/atlas.beemarcom.com\/fr\/wp-json\/wp\/v2\/types\/page"}],"author":[{"embeddable":true,"href":"https:\/\/atlas.beemarcom.com\/fr\/wp-json\/wp\/v2\/users\/8"}],"replies":[{"embeddable":true,"href":"https:\/\/atlas.beemarcom.com\/fr\/wp-json\/wp\/v2\/comments?post=1565"}],"version-history":[{"count":17,"href":"https:\/\/atlas.beemarcom.com\/fr\/wp-json\/wp\/v2\/pages\/1565\/revisions"}],"predecessor-version":[{"id":10839,"href":"https:\/\/atlas.beemarcom.com\/fr\/wp-json\/wp\/v2\/pages\/1565\/revisions\/10839"}],"wp:attachment":[{"href":"https:\/\/atlas.beemarcom.com\/fr\/wp-json\/wp\/v2\/media?parent=1565"}],"curies":[{"name":"wp","href":"https:\/\/api.w.org\/{rel}","templated":true}]}}