{"id":1307,"date":"2020-10-16T18:18:21","date_gmt":"2020-10-16T18:18:21","guid":{"rendered":"http:\/\/atlas.qa.bfmg.ca\/?page_id=1307"},"modified":"2025-05-26T10:36:53","modified_gmt":"2025-05-26T15:36:53","slug":"moving-containers-storage","status":"publish","type":"page","link":"https:\/\/atlas.beemarcom.com\/fr\/moving-containers-storage\/","title":{"rendered":"Modules de d\u00e9m\u00e9nagement \u00e0 courte et longue distance"},"content":{"rendered":"","protected":false},"excerpt":{"rendered":"","protected":false},"author":8,"featured_media":0,"parent":0,"menu_order":0,"comment_status":"closed","ping_status":"closed","template":"","meta":{"_acf_changed":false,"inline_featured_image":false,"footnotes":""},"class_list":["post-1307","page","type-page","status-publish","hentry"],"acf":[],"_links":{"self":[{"href":"https:\/\/atlas.beemarcom.com\/fr\/wp-json\/wp\/v2\/pages\/1307","targetHints":{"allow":["GET"]}}],"collection":[{"href":"https:\/\/atlas.beemarcom.com\/fr\/wp-json\/wp\/v2\/pages"}],"about":[{"href":"https:\/\/atlas.beemarcom.com\/fr\/wp-json\/wp\/v2\/types\/page"}],"author":[{"embeddable":true,"href":"https:\/\/atlas.beemarcom.com\/fr\/wp-json\/wp\/v2\/users\/8"}],"replies":[{"embeddable":true,"href":"https:\/\/atlas.beemarcom.com\/fr\/wp-json\/wp\/v2\/comments?post=1307"}],"version-history":[{"count":66,"href":"https:\/\/atlas.beemarcom.com\/fr\/wp-json\/wp\/v2\/pages\/1307\/revisions"}],"predecessor-version":[{"id":9993,"href":"https:\/\/atlas.beemarcom.com\/fr\/wp-json\/wp\/v2\/pages\/1307\/revisions\/9993"}],"wp:attachment":[{"href":"https:\/\/atlas.beemarcom.com\/fr\/wp-json\/wp\/v2\/media?parent=1307"}],"curies":[{"name":"wp","href":"https:\/\/api.w.org\/{rel}","templated":true}]}}